{"id":9,"date":"2026-02-27T17:54:14","date_gmt":"2026-02-27T16:54:14","guid":{"rendered":"https:\/\/tomwoutz.be\/?page_id=9"},"modified":"2026-03-31T19:43:26","modified_gmt":"2026-03-31T17:43:26","slug":"9-2","status":"publish","type":"page","link":"https:\/\/tomwoutz.be\/","title":{"rendered":"Accueil"},"content":{"rendered":"\n<div class=\"wp-block-group largeur-texte has-global-padding is-layout-constrained wp-container-core-group-is-layout-9b14f1f8 wp-block-group-is-layout-constrained\">\n<h2 class=\"wp-block-heading\">Oubliez la pose, vivez l\u2019instant.<\/h2>\n\n\n\n<p>Vous redoutez le malaise devant l\u2019objectif\u00a0? <strong>Mon travail est de vous faire oublier ma pr\u00e9sence.<\/strong> Je m&rsquo;immerge dans votre tribu pour devenir cette pr\u00e9sence famili\u00e8re qui capture la justesse de votre complicit\u00e9, sans jamais parasiter votre propre f\u00eate.<\/p>\n<\/div>\n\n\n\n<div class=\"wp-block-group alignfull has-global-padding is-layout-constrained wp-block-group-is-layout-constrained\">\n<div class=\"wp-block-cover alignfull is-light has-parallax\" style=\"min-height:90vh;aspect-ratio:unset;\"><div class=\"wp-block-cover__image-background wp-image-110 size-full has-parallax\" style=\"background-position:50% 50%;background-image:url(http:\/\/tomwoutz.be\/wp-content\/uploads\/2026\/02\/Tom-Woutz-WP-002.webp)\"><\/div><span aria-hidden=\"true\" class=\"wp-block-cover__background has-background-dim-0 has-background-dim\" style=\"background-color:#FFF\"><\/span><div class=\"wp-block-cover__inner-container is-layout-flow wp-block-cover-is-layout-flow\">\n<p class=\"has-text-align-center has-large-font-size\"><\/p>\n<\/div><\/div>\n\n\n\n<div class=\"wp-block-group largeur-texte has-global-padding is-layout-constrained wp-block-group-is-layout-constrained\">\n<h2 class=\"wp-block-heading\">L&rsquo;instinct du rythme.<\/h2>\n\n\n\n<div class=\"wp-block-columns is-layout-flex wp-container-core-columns-is-layout-28f84493 wp-block-columns-is-layout-flex\">\n<div class=\"wp-block-column is-layout-flow wp-block-column-is-layout-flow\" style=\"flex-basis:66.66%\">\n<p>Vingt ans de danse ont sculpt\u00e9 mon regard. <strong>L\u00e0 o\u00f9 d&rsquo;autres attendent l&rsquo;image, j&rsquo;anticipe le climax d&rsquo;un geste.<\/strong> En s\u00e9ance de couple, je ne vous laisse jamais livr\u00e9s \u00e0 vous-m\u00eames\u00a0: j&rsquo;utilise la pose comme un socle pour laisser place au mouvement. <strong>Je guide vos lignes pour sublimer votre allure<\/strong>, puis je provoque le jeu pour que la vie reprenne le dessus. C\u2019est ce m\u00e9lange de structure et de l\u00e2cher-prise qui cr\u00e9e ce rendu cin\u00e9matographique\u00a0: vibrant, brut, et surtout, vivant.<\/p>\n<\/div>\n\n\n\n<div class=\"wp-block-column is-layout-flow wp-block-column-is-layout-flow\" style=\"flex-basis:33.33%\">\n<div class=\"wp-block-buttons is-content-justification-center is-layout-flex wp-container-core-buttons-is-layout-a89b3969 wp-block-buttons-is-layout-flex\">\n<div class=\"wp-block-button\"><a class=\"wp-block-button__link wp-element-button\" href=\"https:\/\/tomwoutz.be\/index.php\/mariages\/\">D\u00e9couvrir l&rsquo;exp\u00e9rience Mariage<\/a><\/div>\n<\/div>\n<\/div>\n<\/div>\n<\/div>\n<\/div>\n\n\n\n<div class=\"wp-block-group alignfull has-global-padding is-layout-constrained wp-block-group-is-layout-constrained\">\n<div class=\"wp-block-cover alignfull has-parallax\" style=\"min-height:90vh;aspect-ratio:unset;\"><div class=\"wp-block-cover__image-background wp-image-873 size-full has-parallax\" style=\"background-position:50% 50%;background-image:url(http:\/\/tomwoutz.be\/wp-content\/uploads\/2026\/03\/Tom-Woutz-WP-003-1.webp)\"><\/div><span aria-hidden=\"true\" class=\"wp-block-cover__background has-background-dim-0 has-background-dim\" style=\"background-color:#754f4f\"><\/span><div class=\"wp-block-cover__inner-container is-layout-flow wp-block-cover-is-layout-flow\">\n<p class=\"has-text-align-center has-large-font-size\"><\/p>\n<\/div><\/div>\n\n\n\n<div class=\"wp-block-group largeur-texte has-global-padding is-layout-constrained wp-block-group-is-layout-constrained\">\n<h2 class=\"wp-block-heading\">Votre film immobile.<\/h2>\n\n\n\n<div class=\"wp-block-columns is-layout-flex wp-container-core-columns-is-layout-28f84493 wp-block-columns-is-layout-flex\">\n<div class=\"wp-block-column is-layout-flow wp-block-column-is-layout-flow\" style=\"flex-basis:66.66%\">\n<p>Une parenth\u00e8se pour capturer votre connexion, sans les sourires forc\u00e9s. <strong>On bouge, on s&rsquo;amuse, on cr\u00e9e une archive qui a du muscle et qui vous ressemble vraiment<\/strong>. Pas de chichis, juste vous.<\/p>\n<\/div>\n\n\n\n<div class=\"wp-block-column is-layout-flow wp-block-column-is-layout-flow\" style=\"flex-basis:33.33%\">\n<div class=\"wp-block-buttons is-content-justification-center is-layout-flex wp-container-core-buttons-is-layout-a89b3969 wp-block-buttons-is-layout-flex\">\n<div class=\"wp-block-button\"><a class=\"wp-block-button__link wp-element-button\" href=\"https:\/\/tomwoutz.be\/index.php\/portraits-de-couple\/\">D\u00e9couvrir les sessions couple<\/a><\/div>\n<\/div>\n<\/div>\n<\/div>\n<\/div>\n<\/div>\n\n\n\n<div style=\"height:57px\" aria-hidden=\"true\" class=\"wp-block-spacer\"><\/div>\n\n\n\n<div class=\"wp-block-group has-custom-fond-color has-custom-cta-background-color has-text-color has-background has-link-color wp-elements-f075ef09335f03e05162e3ccb200736e is-layout-flow wp-block-group-is-layout-flow\" style=\"margin-top:0;margin-bottom:0;padding-top:var(--wp--preset--spacing--50);padding-bottom:var(--wp--preset--spacing--50)\">\n<div class=\"wp-block-group largeur-texte has-global-padding is-layout-constrained wp-block-group-is-layout-constrained\">\n<h2 class=\"wp-block-heading has-custom-fond-color has-text-color has-link-color wp-elements-00e3151dca974826330e3670e8729c6b\">Mes autres prestations.<\/h2>\n<\/div>\n<\/div>\n\n\n\n<div class=\"wp-block-group alignfull has-global-padding is-layout-constrained wp-block-group-is-layout-constrained\" style=\"margin-top:0;margin-bottom:0\">\n<div class=\"wp-block-cover alignfull is-light has-parallax\" style=\"margin-top:0;margin-bottom:0;min-height:90vh;aspect-ratio:unset;\"><div class=\"wp-block-cover__image-background wp-image-159 size-full has-parallax\" style=\"background-position:50% 50%;background-image:url(http:\/\/tomwoutz.be\/wp-content\/uploads\/2026\/03\/Tom-Woutz-WP-004.webp)\"><\/div><span aria-hidden=\"true\" class=\"wp-block-cover__background has-background-dim-0 has-background-dim\" style=\"background-color:#FFF\"><\/span><div class=\"wp-block-cover__inner-container is-layout-flow wp-container-core-cover-is-layout-7c43e52d wp-block-cover-is-layout-flow\">\n<p class=\"has-text-align-center has-large-font-size\"><\/p>\n<\/div><\/div>\n\n\n\n<div class=\"wp-block-group largeur-texte has-global-padding is-layout-constrained wp-block-group-is-layout-constrained\">\n<h2 class=\"wp-block-heading\">R\u00e9v\u00e9ler votre caract\u00e8re, sculpter votre image.<\/h2>\n\n\n\n<div class=\"wp-block-columns is-layout-flex wp-container-core-columns-is-layout-28f84493 wp-block-columns-is-layout-flex\">\n<div class=\"wp-block-column is-layout-flow wp-block-column-is-layout-flow\" style=\"flex-basis:66.66%\">\n<p>On oublie les fonds gris et les sourires de convenance. Que ce soit pour affirmer votre pr\u00e9sence professionnelle ou explorer votre facette artistique, <strong>j\u2019utilise la lumi\u00e8re pour chercher ce qui <strong>\u00ab<\/strong>\u00a0a de la gueul<strong>e\u00a0\u00bb<\/strong>.<\/strong> Un portrait qui transpire votre personnalit\u00e9, tout simplement.<\/p>\n<\/div>\n\n\n\n<div class=\"wp-block-column is-layout-flow wp-block-column-is-layout-flow\" style=\"flex-basis:33.33%\">\n<div class=\"wp-block-buttons is-content-justification-center is-layout-flex wp-container-core-buttons-is-layout-a89b3969 wp-block-buttons-is-layout-flex\">\n<div class=\"wp-block-button\"><a class=\"wp-block-button__link wp-element-button\" href=\"https:\/\/tomwoutz.be\/index.php\/portraits\/\">Voir les portraits<\/a><\/div>\n<\/div>\n<\/div>\n<\/div>\n<\/div>\n<\/div>\n\n\n\n<div class=\"wp-block-group alignfull has-global-padding is-layout-constrained wp-block-group-is-layout-constrained\">\n<div class=\"wp-block-cover alignfull is-light has-parallax\" style=\"min-height:90vh;aspect-ratio:unset;\"><div class=\"wp-block-cover__image-background wp-image-160 size-full has-parallax\" style=\"background-position:50% 50%;background-image:url(http:\/\/tomwoutz.be\/wp-content\/uploads\/2026\/03\/Tom-Woutz-WP-005.webp)\"><\/div><span aria-hidden=\"true\" class=\"wp-block-cover__background has-background-dim-0 has-background-dim\" style=\"background-color:#FFF\"><\/span><div class=\"wp-block-cover__inner-container is-layout-flow wp-block-cover-is-layout-flow\">\n<p class=\"has-text-align-center has-large-font-size\"><\/p>\n<\/div><\/div>\n\n\n\n<div class=\"wp-block-group largeur-texte has-global-padding is-layout-constrained wp-block-group-is-layout-constrained\">\n<h2 class=\"wp-block-heading\">Le laboratoire de l&rsquo;ombre et du geste.<\/h2>\n\n\n\n<div class=\"wp-block-columns is-layout-flex wp-container-core-columns-is-layout-28f84493 wp-block-columns-is-layout-flex\">\n<div class=\"wp-block-column is-layout-flow wp-block-column-is-layout-flow\" style=\"flex-basis:66.66%\">\n<p>Au-del\u00e0 de la commande, la recherche. Cette galerie est mon terrain de jeu, mon espace de libert\u00e9 absolue. <strong>C\u2019est ici que je repousse les limites de la lumi\u00e8re<\/strong> et que je rends hommage \u00e0 ma premi\u00e8re passion\u00a0: le corps en mouvement.<\/p>\n<\/div>\n\n\n\n<div class=\"wp-block-column is-layout-flow wp-block-column-is-layout-flow\" style=\"flex-basis:33.33%\">\n<div class=\"wp-block-buttons is-content-justification-center is-layout-flex wp-container-core-buttons-is-layout-a89b3969 wp-block-buttons-is-layout-flex\">\n<div class=\"wp-block-button\"><a class=\"wp-block-button__link wp-element-button\" href=\"https:\/\/tomwoutz.be\/index.php\/mon-univers\/\">Plonger dans mon univers<\/a><\/div>\n<\/div>\n<\/div>\n<\/div>\n<\/div>\n<\/div>\n\n\n\n<div class=\"wp-block-group alignfull has-global-padding is-layout-constrained wp-block-group-is-layout-constrained\">\n<div class=\"wp-block-cover alignfull is-light has-parallax\" style=\"min-height:90vh;aspect-ratio:unset;\"><div class=\"wp-block-cover__image-background wp-image-161 size-full has-parallax\" style=\"background-position:50% 50%;background-image:url(http:\/\/tomwoutz.be\/wp-content\/uploads\/2026\/03\/Tom-Woutz-WP-006.webp)\"><\/div><span aria-hidden=\"true\" class=\"wp-block-cover__background has-background-dim-0 has-background-dim\" style=\"background-color:#FFF\"><\/span><div class=\"wp-block-cover__inner-container is-layout-flow wp-block-cover-is-layout-flow\">\n<p class=\"has-text-align-center has-large-font-size\"><\/p>\n<\/div><\/div>\n\n\n\n<div class=\"wp-block-group largeur-texte has-global-padding is-layout-constrained wp-block-group-is-layout-constrained\">\n<h2 class=\"wp-block-heading\">Je suis l&rsquo;invit\u00e9 qui conna\u00eet vos pr\u00e9noms.<\/h2>\n\n\n\n<div class=\"wp-block-columns is-layout-flex wp-container-core-columns-is-layout-28f84493 wp-block-columns-is-layout-flex\">\n<div class=\"wp-block-column is-layout-flow wp-block-column-is-layout-flow\" style=\"flex-basis:66.66%\">\n<p>Je suis le photographe qui rit \u00e0 vos blagues, fixe une boutonni\u00e8re r\u00e9calcitrante et s\u2019assure que vous profitiez de chaque seconde. Ma technique est au service de votre f\u00eate, pas l&rsquo;inverse. Mon but\u00a0? Que dans vingt ans, en regardant vos photos, vous ne disiez pas seulement \u00ab\u00a0c\u2019\u00e9tait beau\u00a0\u00bb, mais que vous hurliez\u00a0:\u00a0<strong>\u00ab\u00a0Putain, on \u00e9tait exactement comme \u00e7a\u00a0!\u00a0\u00bb<\/strong><\/p>\n<\/div>\n\n\n\n<div class=\"wp-block-column is-layout-flow wp-block-column-is-layout-flow\" style=\"flex-basis:33.33%\">\n<div class=\"wp-block-buttons is-content-justification-center is-layout-flex wp-container-core-buttons-is-layout-a89b3969 wp-block-buttons-is-layout-flex\">\n<div class=\"wp-block-button\"><a class=\"wp-block-button__link wp-element-button\" href=\"https:\/\/tomwoutz.be\/index.php\/moi\/\">En savoir plus sur moi<\/a><\/div>\n\n\n\n<div class=\"wp-block-button is-style-fill btn-special\"><a class=\"wp-block-button__link wp-element-button\" href=\"https:\/\/tomwoutz.be\/index.php\/contact\/\">Discutons de votre projet<\/a><\/div>\n<\/div>\n<\/div>\n<\/div>\n<\/div>\n<\/div>\n","protected":false},"excerpt":{"rendered":"<p>Oubliez la pose, vivez l\u2019instant. Vous redoutez le malaise devant l\u2019objectif\u00a0? Mon travail est de vous faire oublier ma pr\u00e9sence. Je m&rsquo;immerge dans votre tribu pour devenir cette pr\u00e9sence famili\u00e8re qui capture la justesse de votre complicit\u00e9, sans jamais parasiter votre propre f\u00eate. L&rsquo;instinct du rythme. Vingt ans de danse ont sculpt\u00e9 mon regard. L\u00e0 [&hellip;]<\/p>\n","protected":false},"author":1,"featured_media":0,"parent":0,"menu_order":0,"comment_status":"closed","ping_status":"closed","template":"page-no-title","meta":{"footnotes":""},"class_list":["post-9","page","type-page","status-publish","hentry"],"_links":{"self":[{"href":"https:\/\/tomwoutz.be\/index.php\/wp-json\/wp\/v2\/pages\/9","targetHints":{"allow":["GET"]}}],"collection":[{"href":"https:\/\/tomwoutz.be\/index.php\/wp-json\/wp\/v2\/pages"}],"about":[{"href":"https:\/\/tomwoutz.be\/index.php\/wp-json\/wp\/v2\/types\/page"}],"author":[{"embeddable":true,"href":"https:\/\/tomwoutz.be\/index.php\/wp-json\/wp\/v2\/users\/1"}],"replies":[{"embeddable":true,"href":"https:\/\/tomwoutz.be\/index.php\/wp-json\/wp\/v2\/comments?post=9"}],"version-history":[{"count":83,"href":"https:\/\/tomwoutz.be\/index.php\/wp-json\/wp\/v2\/pages\/9\/revisions"}],"predecessor-version":[{"id":915,"href":"https:\/\/tomwoutz.be\/index.php\/wp-json\/wp\/v2\/pages\/9\/revisions\/915"}],"wp:attachment":[{"href":"https:\/\/tomwoutz.be\/index.php\/wp-json\/wp\/v2\/media?parent=9"}],"curies":[{"name":"wp","href":"https:\/\/api.w.org\/{rel}","templated":true}]}}